{"id":2752,"date":"2024-04-25T12:14:16","date_gmt":"2024-04-25T12:14:16","guid":{"rendered":"https:\/\/usf.wp-kundenseite.at\/rendszerepites\/"},"modified":"2026-01-15T10:47:57","modified_gmt":"2026-01-15T10:47:57","slug":"rendszerepites","status":"publish","type":"page","link":"https:\/\/usf.wp-kundenseite.at\/hu\/rendszerepites\/","title":{"rendered":"Rendszer\u00e9p\u00edt\u00e9s"},"content":{"rendered":"\t\t<div data-elementor-type=\"wp-page\" data-elementor-id=\"2752\" class=\"elementor elementor-2752 elementor-1311\" data-elementor-post-type=\"page\">\n\t\t\t\t<div class=\"elementor-element elementor-element-2a83d9b elementor-hidden-desktop elementor-hidden-tablet elementor-hidden-mobile e-flex e-con-boxed e-con e-parent\" data-id=\"2a83d9b\" data-element_type=\"container\" data-e-type=\"container\" data-settings=\"{&quot;jet_parallax_layout_list&quot;:[],&quot;background_background&quot;:&quot;classic&quot;}\">\n\t\t\t\t\t<div class=\"e-con-inner\">\n\t\t<div class=\"elementor-element elementor-element-9cc2198 e-con-full e-flex e-con e-child\" data-id=\"9cc2198\" data-element_type=\"container\" data-e-type=\"container\" data-settings=\"{&quot;jet_parallax_layout_list&quot;:[]}\">\n\t\t<div class=\"elementor-element elementor-element-15d2b8a e-con-full e-flex e-con e-child\" data-id=\"15d2b8a\" data-element_type=\"container\" data-e-type=\"container\" data-settings=\"{&quot;jet_parallax_layout_list&quot;:[]}\">\n\t\t\t\t<div class=\"elementor-element elementor-element-2cd7b77 elementor-widget elementor-widget-heading\" data-id=\"2cd7b77\" data-element_type=\"widget\" data-e-type=\"widget\" data-widget_type=\"heading.default\">\n\t\t\t\t<div class=\"elementor-widget-container\">\n\t\t\t\t\t<h1 class=\"elementor-heading-title elementor-size-default\">Rendszer\u00e9p\u00edt\u00e9s<\/h1>\t\t\t\t<\/div>\n\t\t\t\t<\/div>\n\t\t\t\t<div class=\"elementor-element elementor-element-57a3f25 elementor-widget elementor-widget-text-editor\" data-id=\"57a3f25\" data-element_type=\"widget\" data-e-type=\"widget\" data-widget_type=\"text-editor.default\">\n\t\t\t\t<div class=\"elementor-widget-container\">\n\t\t\t\t\t\t\t\t\tSok \u00e9ve specializ\u00e1l\u00f3dtunk v\u00edztiszt\u00edt\u00f3 rendszermegold\u00e1sok tervez\u00e9s\u00e9re \u00e9s kivitelez\u00e9s\u00e9re. Speci\u00e1lis projekt- \u00e9s m\u00e9rn\u00f6ki szoftver (CADISON), valamint sz\u00e1m\u00edt\u00f3g\u00e9pes 3D-tervez\u00e9s seg\u00edts\u00e9g\u00e9vel egyedi rendszereket fejleszt\u00fcnk, amelyeket ezt k\u00f6vet\u0151en az \u00fagynevezett skid-\u00e9p\u00edt\u00e9si m\u00f3dszerrel val\u00f3s\u00edtunk meg: Als\u00f3-Ausztriai gy\u00e1rt\u00f3csarnokunkban el\u0151re telep\u00edtj\u00fck az alkatr\u00e9szeket egy rozsdamentes ac\u00e9l v\u00e1zra \u2013 a k\u00e1belez\u00e9ssel \u00e9s cs\u0151vezet\u00e9kekkel egy\u00fctt. \n\nA rendszerek tesztel\u00e9se ut\u00e1n elk\u00fcldj\u00fck a \u201epackaged units\u201d egys\u00e9geket \u00fcgyfeleinknek. Minden rendszer\u00fcnk \u201e\u00fczemk\u00e9sz\u201d, ami garant\u00e1lja a helysz\u00edni egyszer\u0171 \u00fczembe helyez\u00e9st. \t\t\t\t\t\t\t\t<\/div>\n\t\t\t\t<\/div>\n\t\t\t\t<\/div>\n\t\t<div class=\"elementor-element elementor-element-de04556 e-con-full e-flex e-con e-child\" data-id=\"de04556\" data-element_type=\"container\" data-e-type=\"container\" data-settings=\"{&quot;jet_parallax_layout_list&quot;:[]}\">\n\t\t\t\t<div class=\"elementor-element elementor-element-1499953 elementor-widget elementor-widget-image\" data-id=\"1499953\" data-element_type=\"widget\" data-e-type=\"widget\" data-widget_type=\"image.default\">\n\t\t\t\t<div class=\"elementor-widget-container\">\n\t\t\t\t\t\t\t\t\t\t\t\t\t\t\t<img fetchpriority=\"high\" decoding=\"async\" width=\"768\" height=\"507\" src=\"https:\/\/usf.wp-kundenseite.at\/wp-content\/uploads\/2024\/04\/hero-image-768x507.webp\" class=\"attachment-medium_large size-medium_large wp-image-2654\" alt=\"hero-image\" srcset=\"https:\/\/usf.wp-kundenseite.at\/wp-content\/uploads\/2024\/04\/hero-image-768x507.webp 768w, https:\/\/usf.wp-kundenseite.at\/wp-content\/uploads\/2024\/04\/hero-image-300x198.webp 300w, https:\/\/usf.wp-kundenseite.at\/wp-content\/uploads\/2024\/04\/hero-image-1024x676.webp 1024w, https:\/\/usf.wp-kundenseite.at\/wp-content\/uploads\/2024\/04\/hero-image.webp 1090w\" sizes=\"(max-width: 768px) 100vw, 768px\" \/>\t\t\t\t\t\t\t\t\t\t\t\t\t\t\t<\/div>\n\t\t\t\t<\/div>\n\t\t\t\t<\/div>\n\t\t\t\t<\/div>\n\t\t\t\t\t<\/div>\n\t\t\t\t<\/div>\n\t\t<div class=\"elementor-element elementor-element-6ef36df e-flex e-con-boxed e-con e-parent\" data-id=\"6ef36df\" data-element_type=\"container\" data-e-type=\"container\" data-settings=\"{&quot;jet_parallax_layout_list&quot;:[],&quot;background_background&quot;:&quot;classic&quot;}\">\n\t\t\t\t\t<div class=\"e-con-inner\">\n\t\t<div class=\"elementor-element elementor-element-c138397 e-con-full e-grid e-con e-child\" data-id=\"c138397\" data-element_type=\"container\" data-e-type=\"container\" data-settings=\"{&quot;jet_parallax_layout_list&quot;:[]}\">\n\t\t<div class=\"elementor-element elementor-element-9a8b1a6 e-con-full e-flex e-con e-child\" data-id=\"9a8b1a6\" data-element_type=\"container\" data-e-type=\"container\" data-settings=\"{&quot;jet_parallax_layout_list&quot;:[]}\">\n\t\t\t\t<div class=\"elementor-element elementor-element-1ab4288 elementor-widget elementor-widget-heading\" data-id=\"1ab4288\" data-element_type=\"widget\" data-e-type=\"widget\" data-widget_type=\"heading.default\">\n\t\t\t\t<div class=\"elementor-widget-container\">\n\t\t\t\t\t<h1 class=\"elementor-heading-title elementor-size-default\">Rendszer\u00e9p\u00edt\u00e9s<\/h1>\t\t\t\t<\/div>\n\t\t\t\t<\/div>\n\t\t\t\t<div class=\"elementor-element elementor-element-ef85f4d elementor-widget elementor-widget-text-editor\" data-id=\"ef85f4d\" data-element_type=\"widget\" data-e-type=\"widget\" data-widget_type=\"text-editor.default\">\n\t\t\t\t<div class=\"elementor-widget-container\">\n\t\t\t\t\t\t\t\t\t<p>Sok \u00e9ve specializ\u00e1l\u00f3dtunk v\u00edztiszt\u00edt\u00f3 rendszermegold\u00e1sok tervez\u00e9s\u00e9re \u00e9s kivitelez\u00e9s\u00e9re. Speci\u00e1lis projekt- \u00e9s m\u00e9rn\u00f6ki szoftver (CADISON), valamint sz\u00e1m\u00edt\u00f3g\u00e9pes 3D-tervez\u00e9s seg\u00edts\u00e9g\u00e9vel egyedi rendszereket fejleszt\u00fcnk, amelyeket ezt k\u00f6vet\u0151en az \u00fagynevezett skid-\u00e9p\u00edt\u00e9si m\u00f3dszerrel val\u00f3s\u00edtunk meg: Als\u00f3-Ausztriai gy\u00e1rt\u00f3csarnokunkban el\u0151re telep\u00edtj\u00fck az alkatr\u00e9szeket egy rozsdamentes ac\u00e9l v\u00e1zra \u2013 a k\u00e1belez\u00e9ssel \u00e9s cs\u0151vezet\u00e9kekkel egy\u00fctt. <\/p><p>A rendszerek tesztel\u00e9se ut\u00e1n elk\u00fcldj\u00fck a \u201epackaged units\u201d egys\u00e9geket \u00fcgyfeleinknek. Minden rendszer\u00fcnk \u201e\u00fczemk\u00e9sz\u201d, ami garant\u00e1lja a helysz\u00edni egyszer\u0171 \u00fczembe helyez\u00e9st. <\/p>\t\t\t\t\t\t\t\t<\/div>\n\t\t\t\t<\/div>\n\t\t\t\t<\/div>\n\t\t<div class=\"elementor-element elementor-element-298bc7b e-con-full e-flex e-con e-child\" data-id=\"298bc7b\" data-element_type=\"container\" data-e-type=\"container\" data-settings=\"{&quot;jet_parallax_layout_list&quot;:[],&quot;background_background&quot;:&quot;classic&quot;}\">\n\t\t\t\t<div class=\"elementor-element elementor-element-55b4952 elementor-widget elementor-widget-image\" data-id=\"55b4952\" data-element_type=\"widget\" data-e-type=\"widget\" data-widget_type=\"image.default\">\n\t\t\t\t<div class=\"elementor-widget-container\">\n\t\t\t\t\t\t\t\t\t\t\t\t\t\t\t<img decoding=\"async\" width=\"800\" height=\"550\" src=\"https:\/\/usf.wp-kundenseite.at\/wp-content\/uploads\/2024\/06\/Ionentauscher-Regeneration1.jpeg\" class=\"attachment-large size-large wp-image-2754\" alt=\"\" srcset=\"https:\/\/usf.wp-kundenseite.at\/wp-content\/uploads\/2024\/06\/Ionentauscher-Regeneration1.jpeg 1018w, https:\/\/usf.wp-kundenseite.at\/wp-content\/uploads\/2024\/06\/Ionentauscher-Regeneration1-300x206.jpeg 300w, https:\/\/usf.wp-kundenseite.at\/wp-content\/uploads\/2024\/06\/Ionentauscher-Regeneration1-768x528.jpeg 768w\" sizes=\"(max-width: 800px) 100vw, 800px\">\t\t\t\t\t\t\t\t\t\t\t\t\t\t\t<\/div>\n\t\t\t\t<\/div>\n\t\t\t\t<\/div>\n\t\t\t\t<\/div>\n\t\t\t\t\t<\/div>\n\t\t\t\t<\/div>\n\t\t<div class=\"elementor-element elementor-element-44c8a27 e-flex e-con-boxed e-con e-parent\" data-id=\"44c8a27\" data-element_type=\"container\" data-e-type=\"container\" data-settings=\"{&quot;background_background&quot;:&quot;classic&quot;,&quot;jet_parallax_layout_list&quot;:[]}\">\n\t\t\t\t\t<div class=\"e-con-inner\">\n\t\t<div class=\"elementor-element elementor-element-ebbf502 e-con-full e-flex e-con e-child\" data-id=\"ebbf502\" data-element_type=\"container\" data-e-type=\"container\" data-settings=\"{&quot;jet_parallax_layout_list&quot;:[]}\">\n\t\t\t\t<div class=\"elementor-element elementor-element-b784872 elementor-widget-divider--view-line elementor-widget elementor-widget-divider\" data-id=\"b784872\" data-element_type=\"widget\" data-e-type=\"widget\" data-widget_type=\"divider.default\">\n\t\t\t\t<div class=\"elementor-widget-container\">\n\t\t\t\t\t\t\t<div class=\"elementor-divider\">\n\t\t\t<span class=\"elementor-divider-separator\">\n\t\t\t\t\t\t<\/span>\n\t\t<\/div>\n\t\t\t\t\t\t<\/div>\n\t\t\t\t<\/div>\n\t\t\t\t<div class=\"elementor-element elementor-element-2fabc0e elementor-widget elementor-widget-heading\" data-id=\"2fabc0e\" data-element_type=\"widget\" data-e-type=\"widget\" data-widget_type=\"heading.default\">\n\t\t\t\t<div class=\"elementor-widget-container\">\n\t\t\t\t\t<h2 class=\"elementor-heading-title elementor-size-default\">Ter\u00fcletek<\/h2>\t\t\t\t<\/div>\n\t\t\t\t<\/div>\n\t\t\t\t<\/div>\n\t\t\t\t\t<\/div>\n\t\t\t\t<\/div>\n\t\t<div class=\"elementor-element elementor-element-d45468c e-grid e-con-boxed e-con e-parent\" data-id=\"d45468c\" data-element_type=\"container\" data-e-type=\"container\" data-settings=\"{&quot;jet_parallax_layout_list&quot;:[],&quot;background_background&quot;:&quot;classic&quot;}\">\n\t\t\t\t\t<div class=\"e-con-inner\">\n\t\t<div class=\"elementor-element elementor-element-607003f e-flex e-con-boxed e-con e-child\" data-id=\"607003f\" data-element_type=\"container\" data-e-type=\"container\" data-settings=\"{&quot;background_background&quot;:&quot;classic&quot;,&quot;jet_parallax_layout_list&quot;:[]}\">\n\t\t\t\t\t<div class=\"e-con-inner\">\n\t\t\t\t<div class=\"elementor-element elementor-element-279675c image-container elementor-widget elementor-widget-image\" data-id=\"279675c\" data-element_type=\"widget\" data-e-type=\"widget\" data-widget_type=\"image.default\">\n\t\t\t\t<div class=\"elementor-widget-container\">\n\t\t\t\t\t\t\t\t\t\t\t\t\t\t\t\t<a href=\"https:\/\/usf.wp-kundenseite.at\/hu\/produkte-und-markte\/gyogyszeripar\/\">\n\t\t\t\t\t\t\t<img decoding=\"async\" width=\"768\" height=\"384\" src=\"https:\/\/usf.wp-kundenseite.at\/wp-content\/uploads\/2024\/04\/AdobeStock_612968134_Preview-768x384.jpeg\" class=\"attachment-medium_large size-medium_large wp-image-2755\" alt=\"\" srcset=\"https:\/\/usf.wp-kundenseite.at\/wp-content\/uploads\/2024\/04\/AdobeStock_612968134_Preview-768x384.jpeg 768w, https:\/\/usf.wp-kundenseite.at\/wp-content\/uploads\/2024\/04\/AdobeStock_612968134_Preview-300x150.jpeg 300w, https:\/\/usf.wp-kundenseite.at\/wp-content\/uploads\/2024\/04\/AdobeStock_612968134_Preview.jpeg 1000w\" sizes=\"(max-width: 768px) 100vw, 768px\">\t\t\t\t\t\t\t\t<\/a>\n\t\t\t\t\t\t\t\t\t\t\t\t\t\t\t<\/div>\n\t\t\t\t<\/div>\n\t\t<div class=\"elementor-element elementor-element-a450207 e-flex e-con-boxed e-con e-child\" data-id=\"a450207\" data-element_type=\"container\" data-e-type=\"container\" data-settings=\"{&quot;jet_parallax_layout_list&quot;:[]}\">\n\t\t\t\t\t<div class=\"e-con-inner\">\n\t\t\t\t<div class=\"elementor-element elementor-element-3b00876 elementor-widget elementor-widget-heading\" data-id=\"3b00876\" data-element_type=\"widget\" data-e-type=\"widget\" data-widget_type=\"heading.default\">\n\t\t\t\t<div class=\"elementor-widget-container\">\n\t\t\t\t\t<h2 class=\"elementor-heading-title elementor-size-default\"><a href=\"https:\/\/usf.wp-kundenseite.at\/hu\/produkte-und-markte\/gyogyszeripar\/\">Tervez\u00e9s \u00e9s m\u00e9rn\u00f6ki munka<\/a><\/h2>\t\t\t\t<\/div>\n\t\t\t\t<\/div>\n\t\t\t\t<div class=\"elementor-element elementor-element-a596339 elementor-align-left elementor-tablet-align-left elementor-widget elementor-widget-button\" data-id=\"a596339\" data-element_type=\"widget\" data-e-type=\"widget\" data-widget_type=\"button.default\">\n\t\t\t\t<div class=\"elementor-widget-container\">\n\t\t\t\t\t\t\t\t\t<div class=\"elementor-button-wrapper\">\n\t\t\t\t\t<a class=\"elementor-button elementor-button-link elementor-size-sm\" href=\"https:\/\/usf.wp-kundenseite.at\/hu\/produkte-und-markte\/gyogyszeripar\/\">\n\t\t\t\t\t\t<span class=\"elementor-button-content-wrapper\">\n\t\t\t\t\t\t\t\t\t<span class=\"elementor-button-text\">Kattintson ide<\/span>\n\t\t\t\t\t<\/span>\n\t\t\t\t\t<\/a>\n\t\t\t\t<\/div>\n\t\t\t\t\t\t\t\t<\/div>\n\t\t\t\t<\/div>\n\t\t\t\t\t<\/div>\n\t\t\t\t<\/div>\n\t\t\t\t\t<\/div>\n\t\t\t\t<\/div>\n\t\t<div class=\"elementor-element elementor-element-c5f6c57 e-flex e-con-boxed e-con e-child\" data-id=\"c5f6c57\" data-element_type=\"container\" data-e-type=\"container\" data-settings=\"{&quot;background_background&quot;:&quot;classic&quot;,&quot;jet_parallax_layout_list&quot;:[]}\">\n\t\t\t\t\t<div class=\"e-con-inner\">\n\t\t\t\t<div class=\"elementor-element elementor-element-935ee1b image-container elementor-widget elementor-widget-image\" data-id=\"935ee1b\" data-element_type=\"widget\" data-e-type=\"widget\" data-widget_type=\"image.default\">\n\t\t\t\t<div class=\"elementor-widget-container\">\n\t\t\t\t\t\t\t\t\t\t\t\t\t\t\t<img decoding=\"async\" width=\"768\" height=\"384\" src=\"https:\/\/usf.wp-kundenseite.at\/wp-content\/uploads\/2024\/04\/AdobeStock_612968134_Preview-768x384.jpeg\" class=\"attachment-medium_large size-medium_large wp-image-2755\" alt=\"\" srcset=\"https:\/\/usf.wp-kundenseite.at\/wp-content\/uploads\/2024\/04\/AdobeStock_612968134_Preview-768x384.jpeg 768w, https:\/\/usf.wp-kundenseite.at\/wp-content\/uploads\/2024\/04\/AdobeStock_612968134_Preview-300x150.jpeg 300w, https:\/\/usf.wp-kundenseite.at\/wp-content\/uploads\/2024\/04\/AdobeStock_612968134_Preview.jpeg 1000w\" sizes=\"(max-width: 768px) 100vw, 768px\">\t\t\t\t\t\t\t\t\t\t\t\t\t\t\t<\/div>\n\t\t\t\t<\/div>\n\t\t<div class=\"elementor-element elementor-element-9a82519 e-flex e-con-boxed e-con e-child\" data-id=\"9a82519\" data-element_type=\"container\" data-e-type=\"container\" data-settings=\"{&quot;jet_parallax_layout_list&quot;:[]}\">\n\t\t\t\t\t<div class=\"e-con-inner\">\n\t\t\t\t<div class=\"elementor-element elementor-element-e2e349d elementor-widget elementor-widget-heading\" data-id=\"e2e349d\" data-element_type=\"widget\" data-e-type=\"widget\" data-widget_type=\"heading.default\">\n\t\t\t\t<div class=\"elementor-widget-container\">\n\t\t\t\t\t<h2 class=\"elementor-heading-title elementor-size-default\">Cs\u0151vezet\u00e9k-technika<\/h2>\t\t\t\t<\/div>\n\t\t\t\t<\/div>\n\t\t\t\t<div class=\"elementor-element elementor-element-8c633fe elementor-align-left elementor-tablet-align-left elementor-widget elementor-widget-button\" data-id=\"8c633fe\" data-element_type=\"widget\" data-e-type=\"widget\" data-widget_type=\"button.default\">\n\t\t\t\t<div class=\"elementor-widget-container\">\n\t\t\t\t\t\t\t\t\t<div class=\"elementor-button-wrapper\">\n\t\t\t\t\t<a class=\"elementor-button elementor-button-link elementor-size-sm\" href=\"https:\/\/usf.wp-kundenseite.at\/hu\/produkte-und-markte\/gyogyszeripar\/\">\n\t\t\t\t\t\t<span class=\"elementor-button-content-wrapper\">\n\t\t\t\t\t\t\t\t\t<span class=\"elementor-button-text\">Kattintson ide<\/span>\n\t\t\t\t\t<\/span>\n\t\t\t\t\t<\/a>\n\t\t\t\t<\/div>\n\t\t\t\t\t\t\t\t<\/div>\n\t\t\t\t<\/div>\n\t\t\t\t\t<\/div>\n\t\t\t\t<\/div>\n\t\t\t\t\t<\/div>\n\t\t\t\t<\/div>\n\t\t<div class=\"elementor-element elementor-element-bed933d e-flex e-con-boxed e-con e-child\" data-id=\"bed933d\" data-element_type=\"container\" data-e-type=\"container\" data-settings=\"{&quot;background_background&quot;:&quot;classic&quot;,&quot;jet_parallax_layout_list&quot;:[]}\">\n\t\t\t\t\t<div class=\"e-con-inner\">\n\t\t\t\t<div class=\"elementor-element elementor-element-00e50ec image-container elementor-widget elementor-widget-image\" data-id=\"00e50ec\" data-element_type=\"widget\" data-e-type=\"widget\" data-widget_type=\"image.default\">\n\t\t\t\t<div class=\"elementor-widget-container\">\n\t\t\t\t\t\t\t\t\t\t\t\t\t\t\t<img decoding=\"async\" width=\"768\" height=\"384\" src=\"https:\/\/usf.wp-kundenseite.at\/wp-content\/uploads\/2024\/04\/AdobeStock_612968134_Preview-768x384.jpeg\" class=\"attachment-medium_large size-medium_large wp-image-2755\" alt=\"\" srcset=\"https:\/\/usf.wp-kundenseite.at\/wp-content\/uploads\/2024\/04\/AdobeStock_612968134_Preview-768x384.jpeg 768w, https:\/\/usf.wp-kundenseite.at\/wp-content\/uploads\/2024\/04\/AdobeStock_612968134_Preview-300x150.jpeg 300w, https:\/\/usf.wp-kundenseite.at\/wp-content\/uploads\/2024\/04\/AdobeStock_612968134_Preview.jpeg 1000w\" sizes=\"(max-width: 768px) 100vw, 768px\">\t\t\t\t\t\t\t\t\t\t\t\t\t\t\t<\/div>\n\t\t\t\t<\/div>\n\t\t<div class=\"elementor-element elementor-element-86ac6a7 e-flex e-con-boxed e-con e-child\" data-id=\"86ac6a7\" data-element_type=\"container\" data-e-type=\"container\" data-settings=\"{&quot;jet_parallax_layout_list&quot;:[]}\">\n\t\t\t\t\t<div class=\"e-con-inner\">\n\t\t\t\t<div class=\"elementor-element elementor-element-51fd95a elementor-widget elementor-widget-heading\" data-id=\"51fd95a\" data-element_type=\"widget\" data-e-type=\"widget\" data-widget_type=\"heading.default\">\n\t\t\t\t<div class=\"elementor-widget-container\">\n\t\t\t\t\t<h2 class=\"elementor-heading-title elementor-size-default\">Elektromos tervez\u00e9s \u00e9s kivitelez\u00e9s<\/h2>\t\t\t\t<\/div>\n\t\t\t\t<\/div>\n\t\t\t\t<div class=\"elementor-element elementor-element-d4fc040 elementor-align-left elementor-tablet-align-left elementor-widget elementor-widget-button\" data-id=\"d4fc040\" data-element_type=\"widget\" data-e-type=\"widget\" data-widget_type=\"button.default\">\n\t\t\t\t<div class=\"elementor-widget-container\">\n\t\t\t\t\t\t\t\t\t<div class=\"elementor-button-wrapper\">\n\t\t\t\t\t<a class=\"elementor-button elementor-button-link elementor-size-sm\" href=\"https:\/\/usf.wp-kundenseite.at\/hu\/produkte-und-markte\/gyogyszeripar\/\">\n\t\t\t\t\t\t<span class=\"elementor-button-content-wrapper\">\n\t\t\t\t\t\t\t\t\t<span class=\"elementor-button-text\">Kattintson ide<\/span>\n\t\t\t\t\t<\/span>\n\t\t\t\t\t<\/a>\n\t\t\t\t<\/div>\n\t\t\t\t\t\t\t\t<\/div>\n\t\t\t\t<\/div>\n\t\t\t\t\t<\/div>\n\t\t\t\t<\/div>\n\t\t\t\t\t<\/div>\n\t\t\t\t<\/div>\n\t\t<div class=\"elementor-element elementor-element-3caee6a e-flex e-con-boxed e-con e-child\" data-id=\"3caee6a\" data-element_type=\"container\" data-e-type=\"container\" data-settings=\"{&quot;background_background&quot;:&quot;classic&quot;,&quot;jet_parallax_layout_list&quot;:[]}\">\n\t\t\t\t\t<div class=\"e-con-inner\">\n\t\t\t\t<div class=\"elementor-element elementor-element-8fd2db0 image-container elementor-widget elementor-widget-image\" data-id=\"8fd2db0\" data-element_type=\"widget\" data-e-type=\"widget\" data-widget_type=\"image.default\">\n\t\t\t\t<div class=\"elementor-widget-container\">\n\t\t\t\t\t\t\t\t\t\t\t\t\t\t\t\t<a href=\"https:\/\/usf.wp-kundenseite.at\/hu\/produkte-und-markte\/gyogyszeripar\/\">\n\t\t\t\t\t\t\t<img decoding=\"async\" width=\"768\" height=\"384\" src=\"https:\/\/usf.wp-kundenseite.at\/wp-content\/uploads\/2024\/04\/AdobeStock_612968134_Preview-768x384.jpeg\" class=\"attachment-medium_large size-medium_large wp-image-2755\" alt=\"\" srcset=\"https:\/\/usf.wp-kundenseite.at\/wp-content\/uploads\/2024\/04\/AdobeStock_612968134_Preview-768x384.jpeg 768w, https:\/\/usf.wp-kundenseite.at\/wp-content\/uploads\/2024\/04\/AdobeStock_612968134_Preview-300x150.jpeg 300w, https:\/\/usf.wp-kundenseite.at\/wp-content\/uploads\/2024\/04\/AdobeStock_612968134_Preview.jpeg 1000w\" sizes=\"(max-width: 768px) 100vw, 768px\">\t\t\t\t\t\t\t\t<\/a>\n\t\t\t\t\t\t\t\t\t\t\t\t\t\t\t<\/div>\n\t\t\t\t<\/div>\n\t\t<div class=\"elementor-element elementor-element-ae39a63 e-flex e-con-boxed e-con e-child\" data-id=\"ae39a63\" data-element_type=\"container\" data-e-type=\"container\" data-settings=\"{&quot;jet_parallax_layout_list&quot;:[]}\">\n\t\t\t\t\t<div class=\"e-con-inner\">\n\t\t\t\t<div class=\"elementor-element elementor-element-3ede003 elementor-widget elementor-widget-heading\" data-id=\"3ede003\" data-element_type=\"widget\" data-e-type=\"widget\" data-widget_type=\"heading.default\">\n\t\t\t\t<div class=\"elementor-widget-container\">\n\t\t\t\t\t<h2 class=\"elementor-heading-title elementor-size-default\"><a href=\"https:\/\/usf.wp-kundenseite.at\/hu\/produkte-und-markte\/gyogyszeripar\/\">Dokument\u00e1ci\u00f3 \u00e9s min\u0151s\u00edt\u00e9s<\/a><\/h2>\t\t\t\t<\/div>\n\t\t\t\t<\/div>\n\t\t\t\t<div class=\"elementor-element elementor-element-55279f8 elementor-align-left elementor-tablet-align-left elementor-widget elementor-widget-button\" data-id=\"55279f8\" data-element_type=\"widget\" data-e-type=\"widget\" data-widget_type=\"button.default\">\n\t\t\t\t<div class=\"elementor-widget-container\">\n\t\t\t\t\t\t\t\t\t<div class=\"elementor-button-wrapper\">\n\t\t\t\t\t<a class=\"elementor-button elementor-button-link elementor-size-sm\" href=\"https:\/\/usf.wp-kundenseite.at\/hu\/produkte-und-markte\/gyogyszeripar\/\">\n\t\t\t\t\t\t<span class=\"elementor-button-content-wrapper\">\n\t\t\t\t\t\t\t\t\t<span class=\"elementor-button-text\">Kattintson ide<\/span>\n\t\t\t\t\t<\/span>\n\t\t\t\t\t<\/a>\n\t\t\t\t<\/div>\n\t\t\t\t\t\t\t\t<\/div>\n\t\t\t\t<\/div>\n\t\t\t\t\t<\/div>\n\t\t\t\t<\/div>\n\t\t\t\t\t<\/div>\n\t\t\t\t<\/div>\n\t\t\t\t\t<\/div>\n\t\t\t\t<\/div>\n\t\t\t\t<\/div>\n\t\t","protected":false},"excerpt":{"rendered":"<p>Sok \u00e9ve specializ\u00e1l\u00f3dtunk v\u00edztiszt\u00edt\u00f3 rendszermegold\u00e1sok tervez\u00e9s\u00e9re \u00e9s kivitelez\u00e9s\u00e9re. Speci\u00e1lis projekt- \u00e9s m\u00e9rn\u00f6ki szoftver (CADISON), valamint sz\u00e1m\u00edt\u00f3g\u00e9pes 3D-tervez\u00e9s seg\u00edts\u00e9g\u00e9vel egyedi rendszereket fejleszt\u00fcnk, amelyeket ezt k\u00f6vet\u0151en az \u00fagynevezett skid-\u00e9p\u00edt\u00e9si m\u00f3dszerrel val\u00f3s\u00edtunk meg: Als\u00f3-Ausztriai gy\u00e1rt\u00f3csarnokunkban el\u0151re telep\u00edtj\u00fck az alkatr\u00e9szeket egy rozsdamentes ac\u00e9l v\u00e1zra \u2013 a k\u00e1belez\u00e9ssel \u00e9s cs\u0151vezet\u00e9kekkel egy\u00fctt. A rendszerek tesztel\u00e9se ut\u00e1n elk\u00fcldj\u00fck a \u201epackaged units\u201d egys\u00e9geket [&hellip;]<\/p>\n","protected":false},"author":4,"featured_media":2654,"parent":0,"menu_order":0,"comment_status":"closed","ping_status":"closed","template":"","meta":{"footnotes":""},"class_list":["post-2752","page","type-page","status-publish","has-post-thumbnail","hentry"],"_links":{"self":[{"href":"https:\/\/usf.wp-kundenseite.at\/hu\/wp-json\/wp\/v2\/pages\/2752","targetHints":{"allow":["GET"]}}],"collection":[{"href":"https:\/\/usf.wp-kundenseite.at\/hu\/wp-json\/wp\/v2\/pages"}],"about":[{"href":"https:\/\/usf.wp-kundenseite.at\/hu\/wp-json\/wp\/v2\/types\/page"}],"author":[{"embeddable":true,"href":"https:\/\/usf.wp-kundenseite.at\/hu\/wp-json\/wp\/v2\/users\/4"}],"replies":[{"embeddable":true,"href":"https:\/\/usf.wp-kundenseite.at\/hu\/wp-json\/wp\/v2\/comments?post=2752"}],"version-history":[{"count":6,"href":"https:\/\/usf.wp-kundenseite.at\/hu\/wp-json\/wp\/v2\/pages\/2752\/revisions"}],"predecessor-version":[{"id":3533,"href":"https:\/\/usf.wp-kundenseite.at\/hu\/wp-json\/wp\/v2\/pages\/2752\/revisions\/3533"}],"wp:featuredmedia":[{"embeddable":true,"href":"https:\/\/usf.wp-kundenseite.at\/hu\/wp-json\/wp\/v2\/media\/2654"}],"wp:attachment":[{"href":"https:\/\/usf.wp-kundenseite.at\/hu\/wp-json\/wp\/v2\/media?parent=2752"}],"curies":[{"name":"wp","href":"https:\/\/api.w.org\/{rel}","templated":true}]}}