{"id":2641,"date":"2023-11-23T10:20:58","date_gmt":"2023-11-23T10:20:58","guid":{"rendered":"https:\/\/usf.wp-kundenseite.at\/impresszum\/"},"modified":"2025-12-23T19:05:22","modified_gmt":"2025-12-23T19:05:22","slug":"impresszum","status":"publish","type":"page","link":"https:\/\/usf.wp-kundenseite.at\/hu\/impresszum\/","title":{"rendered":"Impresszum"},"content":{"rendered":"\n<h3 class=\"wp-block-heading\">V\u00e1llalati adatok<\/h3>\n<div class=\"jet-listing-dynamic-field-block\"data-is-block=\"jet-engine\/dynamic-field\"><div class=\"jet-listing jet-listing-dynamic-field display-inline\"><div class=\"jet-listing-dynamic-field__inline-wrap\"><div class=\"jet-listing-dynamic-field__content\" ><b>Firmenwortlaut: <\/b>USF Water Purification GmbH<\/div><\/div><\/div><\/div><div class=\"jet-listing-dynamic-field-block\"data-is-block=\"jet-engine\/dynamic-field\"><div class=\"jet-listing jet-listing-dynamic-field display-inline\"><div class=\"jet-listing-dynamic-field__inline-wrap\"><div class=\"jet-listing-dynamic-field__content\" ><b>Adresse: <\/b>Concorde Business Park 1\/B3\/5, 2320 Schwechat, \u00d6sterreich<\/div><\/div><\/div><\/div><div class=\"jet-listing-dynamic-field-block\"data-is-block=\"jet-engine\/dynamic-field\"><div class=\"jet-listing jet-listing-dynamic-field display-inline\"><div class=\"jet-listing-dynamic-field__inline-wrap\"><div class=\"jet-listing-dynamic-field__content\" ><b>Stra\u00dfe\/Hausnummer: <\/b>Concorde Business Park 1\/B3\/5<\/div><\/div><\/div><\/div><div class=\"jet-listing-dynamic-field-block\"data-is-block=\"jet-engine\/dynamic-field\"><div class=\"jet-listing jet-listing-dynamic-field display-inline\"><div class=\"jet-listing-dynamic-field__inline-wrap\"><div class=\"jet-listing-dynamic-field__content\" ><b>Land\/PLZ\/Land <\/b>A-2320 Schwechat<\/div><\/div><\/div><\/div><div class=\"jet-listing-dynamic-field-block\"data-is-block=\"jet-engine\/dynamic-field\"><div class=\"jet-listing jet-listing-dynamic-field display-inline\"><div class=\"jet-listing-dynamic-field__inline-wrap\"><div class=\"jet-listing-dynamic-field__content\" ><b>Telefon: <\/b>+43 1 8905099<\/div><\/div><\/div><\/div><div class=\"jet-listing-dynamic-field-block\"data-is-block=\"jet-engine\/dynamic-field\"><\/div><div class=\"jet-listing-dynamic-field-block\"data-is-block=\"jet-engine\/dynamic-field\"><div class=\"jet-listing jet-listing-dynamic-field display-inline\"><div class=\"jet-listing-dynamic-field__inline-wrap\"><div class=\"jet-listing-dynamic-field__content\" ><b>Fax: <\/b>+43 1 8905099 100<\/div><\/div><\/div><\/div><div class=\"jet-listing-dynamic-field-block\"data-is-block=\"jet-engine\/dynamic-field\"><div class=\"jet-listing jet-listing-dynamic-field display-inline\"><div class=\"jet-listing-dynamic-field__inline-wrap\"><div class=\"jet-listing-dynamic-field__content\" ><b>E-Mail: <\/b><a href=\"mailto:office@usf-water.at\">office@usf-water.at<\/a><\/div><\/div><\/div><\/div><div class=\"jet-listing-dynamic-field-block\"data-is-block=\"jet-engine\/dynamic-field\"><\/div><div class=\"jet-listing-dynamic-field-block\"data-is-block=\"jet-engine\/dynamic-field\"><div class=\"jet-listing jet-listing-dynamic-field display-inline\"><div class=\"jet-listing-dynamic-field__inline-wrap\"><div class=\"jet-listing-dynamic-field__content\" ><b>Rechtsform: <\/b>GmbH<\/div><\/div><\/div><\/div><div class=\"jet-listing-dynamic-field-block\"data-is-block=\"jet-engine\/dynamic-field\"><div class=\"jet-listing jet-listing-dynamic-field display-inline\"><div class=\"jet-listing-dynamic-field__inline-wrap\"><div class=\"jet-listing-dynamic-field__content\" ><b>UID-Nr.: <\/b>ATU 62898038<\/div><\/div><\/div><\/div><div class=\"jet-listing-dynamic-field-block\"data-is-block=\"jet-engine\/dynamic-field\"><div class=\"jet-listing jet-listing-dynamic-field display-inline\"><div class=\"jet-listing-dynamic-field__inline-wrap\"><div class=\"jet-listing-dynamic-field__content\" ><b>Firmenbuch-Nr.: <\/b>Handelsgericht Korneuburg, FN 283159k<\/div><\/div><\/div><\/div><div class=\"jet-listing-dynamic-field-block\"data-is-block=\"jet-engine\/dynamic-field\"><div class=\"jet-listing jet-listing-dynamic-field display-inline\"><div class=\"jet-listing-dynamic-field__inline-wrap\"><div class=\"jet-listing-dynamic-field__content\" ><b>Firmenbuchgericht: <\/b>Landesgericht Korneuburg<\/div><\/div><\/div><\/div><div class=\"jet-listing-dynamic-field-block\"data-is-block=\"jet-engine\/dynamic-field\"><div class=\"jet-listing jet-listing-dynamic-field display-inline\"><div class=\"jet-listing-dynamic-field__inline-wrap\"><div class=\"jet-listing-dynamic-field__content\" ><b>Beh\u00f6rde gem. ECG: <\/b>Bezirkshauptmannschaft Wien-Umgebung<\/div><\/div><\/div><\/div><div class=\"jet-listing-dynamic-field-block\"data-is-block=\"jet-engine\/dynamic-field\"><\/div><div class=\"jet-listing-dynamic-field-block\"data-is-block=\"jet-engine\/dynamic-field\"><\/div><div class=\"jet-listing-dynamic-field-block\"data-is-block=\"jet-engine\/dynamic-field\"><\/div><div class=\"jet-listing-dynamic-field-block\"data-is-block=\"jet-engine\/dynamic-field\"><\/div><div class=\"jet-listing-dynamic-field-block\"data-is-block=\"jet-engine\/dynamic-field\"><\/div><div class=\"jet-listing-dynamic-field-block\"data-is-block=\"jet-engine\/dynamic-field\"><\/div>\n<h3 class=\"wp-block-heading\">Szerz\u0151i jog<\/h3>\n\n<p>A weboldal teljes tartalma, bele\u00e9rtve minden sz\u00f6veget \u00e9s k\u00e9pet, szerz\u0151i jog v\u00e9di. B\u00e1rmilyen terjeszt\u00e9s, sokszoros\u00edt\u00e1s vagy egy\u00e9b tev\u00e9kenys\u00e9g a szerz\u0151i jog megs\u00e9rt\u00e9s\u00e9t jelenti. A tartalom esetleges felhaszn\u00e1l\u00e1s\u00e1val vagy sokszoros\u00edt\u00e1s\u00e1val kapcsolatos enged\u00e9ly\u00e9rt k\u00e9rj\u00fck, forduljon a k\u00f6vetkez\u0151h\u00f6z:<strong> <\/strong><a href=\"mailto:office@usf-water.at\">office@usf-water.at<\/a>.<\/p>\n\n<h3 class=\"wp-block-heading\">Jogi nyilatkozat<\/h3>\n\n<h4 class=\"wp-block-heading\">Az online k\u00edn\u00e1lat tartalma<\/h4>\n\n<p>A szerz\u0151 semmilyen felel\u0151ss\u00e9get nem v\u00e1llal a weboldalunkon k\u00f6zz\u00e9tett inform\u00e1ci\u00f3k aktualit\u00e1s\u00e1\u00e9rt, helyess\u00e9g\u00e9\u00e9rt \u00e9s teljess\u00e9g\u00e9\u00e9rt. A szerz\u0151vel szembeni, anyagi vagy nem anyagi jelleg\u0171 k\u00e1rokra vonatkoz\u00f3 felel\u0151ss\u00e9gi ig\u00e9nyek, amelyek a bemutatott inform\u00e1ci\u00f3k felhaszn\u00e1l\u00e1s\u00e1b\u00f3l vagy fel nem haszn\u00e1l\u00e1s\u00e1b\u00f3l, illetve hib\u00e1s \u00e9s hi\u00e1nyos inform\u00e1ci\u00f3k felhaszn\u00e1l\u00e1s\u00e1b\u00f3l erednek, alapvet\u0151en kiz\u00e1rtak, kiv\u00e9ve, ha a szerz\u0151 r\u00e9sz\u00e9r\u0151l bizony\u00edthat\u00f3an sz\u00e1nd\u00e9kos vagy s\u00falyosan gondatlan mulaszt\u00e1s t\u00f6rt\u00e9nt. Minden aj\u00e1nlat v\u00e1ltoztathat\u00f3 \u00e9s nem k\u00f6telez\u0151 \u00e9rv\u00e9ny\u0171. A szerz\u0151 kifejezetten fenntartja a jogot, hogy az oldalak egyes r\u00e9szeit vagy a teljes k\u00edn\u00e1latot k\u00fcl\u00f6n \u00e9rtes\u00edt\u00e9s n\u00e9lk\u00fcl megv\u00e1ltoztassa, kieg\u00e9sz\u00edtse, t\u00f6r\u00f6lje, vagy a k\u00f6zz\u00e9t\u00e9telt ideiglenesen vagy v\u00e9glegesen megsz\u00fcntesse.<\/p>\n\n<h4 class=\"wp-block-heading\">Hivatkoz\u00e1sok \u00e9s linkek<\/h4>\n\n<p>Idegen weboldalakra (\u201ehiperhivatkoz\u00e1sokra\u201d) val\u00f3 k\u00f6zvetlen vagy k\u00f6zvetett hivatkoz\u00e1sok eset\u00e9n, amelyek a szerz\u0151 felel\u0151ss\u00e9gi k\u00f6r\u00e9n k\u00edv\u00fcl esnek, a felel\u0151ss\u00e9gi k\u00f6telezetts\u00e9g kiz\u00e1r\u00f3lag abban az esetben l\u00e9pne \u00e9letbe, ha a szerz\u0151 tudom\u00e1ssal b\u00edrna a tartalomr\u00f3l, \u00e9s technikailag lehets\u00e9ges \u00e9s \u00e9sszer\u0171 lenne sz\u00e1m\u00e1ra a jogellenes tartalmak haszn\u00e1lat\u00e1nak megakad\u00e1lyoz\u00e1sa. A szerz\u0151 ez\u00faton kifejezetten kijelenti, hogy a linkek elhelyez\u00e9s\u00e9nek id\u0151pontj\u00e1ban a hivatkozott oldalakon nem volt felismerhet\u0151 illeg\u00e1lis tartalom. A szerz\u0151nek semmilyen befoly\u00e1sa nincs a hivatkozott\/kapcsolt oldalak aktu\u00e1lis \u00e9s j\u00f6v\u0151beli kialak\u00edt\u00e1s\u00e1ra, tartalm\u00e1ra vagy szerz\u0151s\u00e9g\u00e9re. Ez\u00e9rt ez\u00faton kifejezetten elhat\u00e1rol\u00f3dik minden olyan hivatkozott\/kapcsolt oldal tartalm\u00e1t\u00f3l, amelyet a link elhelyez\u00e9se ut\u00e1n megv\u00e1ltoztattak. Ez a meg\u00e1llap\u00edt\u00e1s vonatkozik a saj\u00e1t internetes k\u00edn\u00e1laton bel\u00fcl elhelyezett \u00f6sszes linkre \u00e9s hivatkoz\u00e1sra, valamint a szerz\u0151 \u00e1ltal l\u00e9trehozott vend\u00e9gk\u00f6nyvekben, vitaf\u00f3rumokban, linkgy\u0171jtem\u00e9nyekben, levelez\u0151list\u00e1kban \u00e9s minden egy\u00e9b adatb\u00e1zisform\u00e1ban tal\u00e1lhat\u00f3 k\u00fcls\u0151 bejegyz\u00e9sekre, amelyek tartalm\u00e1hoz k\u00fcls\u0151 \u00edr\u00e1si hozz\u00e1f\u00e9r\u00e9s lehets\u00e9ges. Illeg\u00e1lis, hib\u00e1s vagy hi\u00e1nyos tartalmak\u00e9rt, \u00e9s k\u00fcl\u00f6n\u00f6sen az ilyen m\u00f3don bemutatott inform\u00e1ci\u00f3k felhaszn\u00e1l\u00e1s\u00e1b\u00f3l vagy fel nem haszn\u00e1l\u00e1s\u00e1b\u00f3l ered\u0151 k\u00e1rok\u00e9rt kiz\u00e1r\u00f3lag annak az oldalnak a szolg\u00e1ltat\u00f3ja felel, amelyre hivatkoztak, nem pedig az, aki csup\u00e1n linkekkel hivatkozik az adott publik\u00e1ci\u00f3ra.<\/p>\n\n<h4 class=\"wp-block-heading\">Szerz\u0151i \u00e9s v\u00e9djegyjog<\/h4>\n\n<p>A szerz\u0151 t\u00f6rekszik arra, hogy minden publik\u00e1ci\u00f3ban figyelembe vegye a felhaszn\u00e1lt k\u00e9pek, grafik\u00e1k, hanganyagok, vide\u00f3felv\u00e9telek \u00e9s sz\u00f6vegek szerz\u0151i jogait, saj\u00e1t maga \u00e1ltal k\u00e9sz\u00edtett k\u00e9peket, grafik\u00e1kat, hanganyagokat, vide\u00f3felv\u00e9teleket \u00e9s sz\u00f6vegeket haszn\u00e1ljon, vagy licencmentes grafik\u00e1kat, hanganyagokat, vide\u00f3felv\u00e9teleket \u00e9s sz\u00f6vegeket vegyen ig\u00e9nybe. Az internetes k\u00edn\u00e1laton bel\u00fcl eml\u00edtett \u00e9s esetlegesen harmadik felek \u00e1ltal v\u00e9dett valamennyi m\u00e1rka- \u00e9s v\u00e9djegy korl\u00e1toz\u00e1s n\u00e9lk\u00fcl a mindenkor \u00e9rv\u00e9nyes v\u00e9djegyjog \u00e9s az adott bejegyzett tulajdonosok tulajdonjogainak rendelkez\u00e9sei al\u00e1 tartozik. Puszta eml\u00edt\u00e9s\u00fck alapj\u00e1n nem vonhat\u00f3 le az a k\u00f6vetkeztet\u00e9s, hogy a v\u00e9djegyeket nem v\u00e9dik harmadik felek jogai! A szerz\u0151 \u00e1ltal k\u00e9sz\u00edtett \u00e9s k\u00f6zz\u00e9tett objektumok szerz\u0151i joga kiz\u00e1r\u00f3lag az oldalak szerz\u0151j\u00e9t illeti meg. Az ilyen grafik\u00e1k, hanganyagok, vide\u00f3felv\u00e9telek \u00e9s sz\u00f6vegek m\u00e1s elektronikus vagy nyomtatott kiadv\u00e1nyokban t\u00f6rt\u00e9n\u0151 sokszoros\u00edt\u00e1sa vagy felhaszn\u00e1l\u00e1sa a szerz\u0151 kifejezett enged\u00e9lye n\u00e9lk\u00fcl nem megengedett.<\/p>\n\n<h4 class=\"wp-block-heading\">Jelen jogi nyilatkozat jogi \u00e9rv\u00e9nyess\u00e9ge<\/h4>\n\n<p>Ez a jogi nyilatkozat az internetes k\u00edn\u00e1lat r\u00e9sz\u00e9nek tekintend\u0151, amelyr\u0151l erre az oldalra hivatkoztak. Amennyiben e sz\u00f6veg egyes r\u00e9szei vagy egyedi megfogalmaz\u00e1sai nem, m\u00e1r nem vagy nem teljesen felelnek meg a hat\u00e1lyos jogi helyzetnek, a dokumentum t\u00f6bbi r\u00e9sze tartalm\u00e1ban \u00e9s \u00e9rv\u00e9nyess\u00e9g\u00e9ben ett\u0151l f\u00fcggetlen\u00fcl \u00e9rv\u00e9nyes marad.<\/p>\n\n<h4 class=\"wp-block-heading\">Online vitarendez\u00e9s<\/h4>\n\n<p>A fogyaszt\u00f3knak lehet\u0151s\u00e9g\u00fck van panaszaikat az EU online vitarendez\u00e9si platformj\u00e1hoz beny\u00fajtani: <a href=\"http:\/\/ec.europa.eu\/odr\" target=\"_blank\" rel=\"noreferrer noopener\">http:\/\/ec.europa.eu\/odr<\/a>. Esetleges panasz\u00e1t a fent megadott e-mail c\u00edmre is elk\u00fcldheti. Tisztelettel felh\u00edvjuk figyelm\u00e9t, hogy nem vagyunk k\u00f6telesek r\u00e9szt venni fogyaszt\u00f3i b\u00e9k\u00e9ltet\u0151 test\u00fclet el\u0151tti vitarendez\u00e9si elj\u00e1r\u00e1sokban.<\/p>\n\n<h3 class=\"wp-block-heading\">Koncepci\u00f3 \u00e9s megval\u00f3s\u00edt\u00e1s<\/h3>\n\n<figure class=\"wp-block-image size-full is-resized\"><img fetchpriority=\"high\" decoding=\"async\" width=\"845\" height=\"650\" src=\"https:\/\/usf.wp-kundenseite.at\/wp-content\/uploads\/2023\/11\/WP-Meister-Logo-menue-845x650-1.png\" alt=\"\" class=\"wp-image-136\" style=\"width:200px\" srcset=\"https:\/\/usf.wp-kundenseite.at\/wp-content\/uploads\/2023\/11\/WP-Meister-Logo-menue-845x650-1.png 845w, https:\/\/usf.wp-kundenseite.at\/wp-content\/uploads\/2023\/11\/WP-Meister-Logo-menue-845x650-1-300x231.png 300w, https:\/\/usf.wp-kundenseite.at\/wp-content\/uploads\/2023\/11\/WP-Meister-Logo-menue-845x650-1-768x591.png 768w\" sizes=\"(max-width: 845px) 100vw, 845px\" \/><\/figure>\n\n<h3 class=\"wp-block-heading\">A koncepci\u00f3\u00e9rt \u00e9s a tartalom\u00e9rt felel\u0151s<\/h3>\n\n<p>USF Water Purification GmbH<\/p>\n\n<h3 class=\"wp-block-heading\">K\u00e9pi anyag<\/h3>\n\n<p>USF Water Purification GmbH<\/p>\n\n<p>Shutterstock<\/p>\n","protected":false},"excerpt":{"rendered":"<p>V\u00e1llalati adatok Szerz\u0151i jog A weboldal teljes tartalma, bele\u00e9rtve minden sz\u00f6veget \u00e9s k\u00e9pet, szerz\u0151i jog v\u00e9di. B\u00e1rmilyen terjeszt\u00e9s, sokszoros\u00edt\u00e1s vagy egy\u00e9b tev\u00e9kenys\u00e9g a szerz\u0151i jog megs\u00e9rt\u00e9s\u00e9t jelenti. A tartalom esetleges felhaszn\u00e1l\u00e1s\u00e1val vagy sokszoros\u00edt\u00e1s\u00e1val kapcsolatos enged\u00e9ly\u00e9rt k\u00e9rj\u00fck, forduljon a k\u00f6vetkez\u0151h\u00f6z: office@usf-water.at. Jogi nyilatkozat Az online k\u00edn\u00e1lat tartalma A szerz\u0151 semmilyen felel\u0151ss\u00e9get nem v\u00e1llal a weboldalunkon k\u00f6zz\u00e9tett [&hellip;]<\/p>\n","protected":false},"author":4,"featured_media":0,"parent":0,"menu_order":0,"comment_status":"closed","ping_status":"closed","template":"","meta":{"footnotes":""},"class_list":["post-2641","page","type-page","status-publish","hentry"],"_links":{"self":[{"href":"https:\/\/usf.wp-kundenseite.at\/hu\/wp-json\/wp\/v2\/pages\/2641","targetHints":{"allow":["GET"]}}],"collection":[{"href":"https:\/\/usf.wp-kundenseite.at\/hu\/wp-json\/wp\/v2\/pages"}],"about":[{"href":"https:\/\/usf.wp-kundenseite.at\/hu\/wp-json\/wp\/v2\/types\/page"}],"author":[{"embeddable":true,"href":"https:\/\/usf.wp-kundenseite.at\/hu\/wp-json\/wp\/v2\/users\/4"}],"replies":[{"embeddable":true,"href":"https:\/\/usf.wp-kundenseite.at\/hu\/wp-json\/wp\/v2\/comments?post=2641"}],"version-history":[{"count":4,"href":"https:\/\/usf.wp-kundenseite.at\/hu\/wp-json\/wp\/v2\/pages\/2641\/revisions"}],"predecessor-version":[{"id":2936,"href":"https:\/\/usf.wp-kundenseite.at\/hu\/wp-json\/wp\/v2\/pages\/2641\/revisions\/2936"}],"wp:attachment":[{"href":"https:\/\/usf.wp-kundenseite.at\/hu\/wp-json\/wp\/v2\/media?parent=2641"}],"curies":[{"name":"wp","href":"https:\/\/api.w.org\/{rel}","templated":true}]}}