{"id":2651,"date":"2024-04-26T09:31:07","date_gmt":"2024-04-26T09:31:07","guid":{"rendered":"https:\/\/usf.wp-kundenseite.at\/contact\/"},"modified":"2026-01-15T10:41:37","modified_gmt":"2026-01-15T10:41:37","slug":"contact","status":"publish","type":"page","link":"https:\/\/usf.wp-kundenseite.at\/en\/contact\/","title":{"rendered":"Contact"},"content":{"rendered":"\t\t<div data-elementor-type=\"wp-page\" data-elementor-id=\"2651\" class=\"elementor elementor-2651 elementor-1463\" data-elementor-post-type=\"page\">\n\t\t\t\t<div class=\"elementor-element elementor-element-31604cf e-flex e-con-boxed e-con e-parent\" data-id=\"31604cf\" data-element_type=\"container\" data-e-type=\"container\" data-settings=\"{&quot;jet_parallax_layout_list&quot;:[],&quot;background_background&quot;:&quot;classic&quot;}\">\n\t\t\t\t\t<div class=\"e-con-inner\">\n\t\t<div class=\"elementor-element elementor-element-301d249 e-con-full e-grid e-con e-child\" data-id=\"301d249\" data-element_type=\"container\" data-e-type=\"container\" data-settings=\"{&quot;jet_parallax_layout_list&quot;:[]}\">\n\t\t<div class=\"elementor-element elementor-element-bf46db7 e-con-full e-flex e-con e-child\" data-id=\"bf46db7\" data-element_type=\"container\" data-e-type=\"container\" data-settings=\"{&quot;jet_parallax_layout_list&quot;:[]}\">\n\t\t\t\t<div class=\"elementor-element elementor-element-05c0891 elementor-widget elementor-widget-heading\" data-id=\"05c0891\" data-element_type=\"widget\" data-e-type=\"widget\" data-widget_type=\"heading.default\">\n\t\t\t\t<div class=\"elementor-widget-container\">\n\t\t\t\t\t<h1 class=\"elementor-heading-title elementor-size-default\">Contact<\/h1>\t\t\t\t<\/div>\n\t\t\t\t<\/div>\n\t\t\t\t<div class=\"elementor-element elementor-element-b00d961 elementor-widget elementor-widget-text-editor\" data-id=\"b00d961\" data-element_type=\"widget\" data-e-type=\"widget\" data-widget_type=\"text-editor.default\">\n\t\t\t\t<div class=\"elementor-widget-container\">\n\t\t\t\t\t\t\t\t\tWe look forward to hearing from you! Contact USF Water Group for inquiries about our water treatment solutions, technical support, or general information. Our dedicated team is available to answer your questions and provide you with the best possible support. Use our contact form, send us an email, or call us directly. We are here to help you.\t\t\t\t\t\t\t\t<\/div>\n\t\t\t\t<\/div>\n\t\t\t\t<\/div>\n\t\t<div class=\"elementor-element elementor-element-44376de e-con-full e-flex e-con e-child\" data-id=\"44376de\" data-element_type=\"container\" data-e-type=\"container\" data-settings=\"{&quot;jet_parallax_layout_list&quot;:[],&quot;background_background&quot;:&quot;classic&quot;}\">\n\t\t\t\t<\/div>\n\t\t\t\t<\/div>\n\t\t\t\t\t<\/div>\n\t\t\t\t<\/div>\n\t\t<div class=\"elementor-element elementor-element-66094e9 e-flex e-con-boxed e-con e-parent\" data-id=\"66094e9\" data-element_type=\"container\" data-e-type=\"container\" data-settings=\"{&quot;background_background&quot;:&quot;classic&quot;,&quot;jet_parallax_layout_list&quot;:[]}\">\n\t\t\t\t\t<div class=\"e-con-inner\">\n\t\t<div class=\"elementor-element elementor-element-85c8778 e-con-full e-flex e-con e-child\" data-id=\"85c8778\" data-element_type=\"container\" data-e-type=\"container\" data-settings=\"{&quot;jet_parallax_layout_list&quot;:[]}\">\n\t\t\t\t<div class=\"elementor-element elementor-element-0e4153d elementor-widget-divider--view-line elementor-widget elementor-widget-divider\" data-id=\"0e4153d\" data-element_type=\"widget\" data-e-type=\"widget\" data-widget_type=\"divider.default\">\n\t\t\t\t<div class=\"elementor-widget-container\">\n\t\t\t\t\t\t\t<div class=\"elementor-divider\">\n\t\t\t<span class=\"elementor-divider-separator\">\n\t\t\t\t\t\t<\/span>\n\t\t<\/div>\n\t\t\t\t\t\t<\/div>\n\t\t\t\t<\/div>\n\t\t\t\t<div class=\"elementor-element elementor-element-e14d34d elementor-widget elementor-widget-heading\" data-id=\"e14d34d\" data-element_type=\"widget\" data-e-type=\"widget\" data-widget_type=\"heading.default\">\n\t\t\t\t<div class=\"elementor-widget-container\">\n\t\t\t\t\t<h2 class=\"elementor-heading-title elementor-size-default\">Contact details <\/h2>\t\t\t\t<\/div>\n\t\t\t\t<\/div>\n\t\t\t\t<\/div>\n\t\t<div class=\"elementor-element elementor-element-2d2976b e-grid e-con-full e-con e-child\" data-id=\"2d2976b\" data-element_type=\"container\" data-e-type=\"container\" data-settings=\"{&quot;background_background&quot;:&quot;classic&quot;,&quot;jet_parallax_layout_list&quot;:[]}\">\n\t\t<div class=\"elementor-element elementor-element-f465dcd e-flex e-con-boxed e-con e-child\" data-id=\"f465dcd\" data-element_type=\"container\" data-e-type=\"container\" data-settings=\"{&quot;jet_parallax_layout_list&quot;:[],&quot;background_background&quot;:&quot;classic&quot;}\">\n\t\t\t\t\t<div class=\"e-con-inner\">\n\t\t\t\t<div class=\"elementor-element elementor-element-00f3bfb elementor-widget elementor-widget-heading\" data-id=\"00f3bfb\" data-element_type=\"widget\" data-e-type=\"widget\" data-widget_type=\"heading.default\">\n\t\t\t\t<div class=\"elementor-widget-container\">\n\t\t\t\t\t<h2 class=\"elementor-heading-title elementor-size-default\">HEADQUARTER AUSTRIA<\/h2>\t\t\t\t<\/div>\n\t\t\t\t<\/div>\n\t\t\t\t<div class=\"elementor-element elementor-element-892dc0f elementor-widget elementor-widget-text-editor\" data-id=\"892dc0f\" data-element_type=\"widget\" data-e-type=\"widget\" data-widget_type=\"text-editor.default\">\n\t\t\t\t<div class=\"elementor-widget-container\">\n\t\t\t\t\t\t\t\t\t<p>USF Water Group<br>Concorde Business Park 1\/B3\/5<br>2320 Schwechat<br>Austria<\/p><p>Tel.: +43 1 8905099<br>Fax: +43 1 8905099 100<br>E-Mail: <a href=\"mailto:office@usf-water.com\">office@usf-water.com<\/a><br>Website: <a href=\"http:\/\/www.usf-water.at\/\" target=\"_blank\" rel=\"noopener\">www.usf-water.at<\/a><\/p>\t\t\t\t\t\t\t\t<\/div>\n\t\t\t\t<\/div>\n\t\t\t\t\t<\/div>\n\t\t\t\t<\/div>\n\t\t<div class=\"elementor-element elementor-element-a0e4825 e-flex e-con-boxed e-con e-child\" data-id=\"a0e4825\" data-element_type=\"container\" data-e-type=\"container\" data-settings=\"{&quot;jet_parallax_layout_list&quot;:[],&quot;background_background&quot;:&quot;classic&quot;}\">\n\t\t\t\t\t<div class=\"e-con-inner\">\n\t\t\t\t<div class=\"elementor-element elementor-element-8bb9bf4 elementor-widget elementor-widget-heading\" data-id=\"8bb9bf4\" data-element_type=\"widget\" data-e-type=\"widget\" data-widget_type=\"heading.default\">\n\t\t\t\t<div class=\"elementor-widget-container\">\n\t\t\t\t\t<h2 class=\"elementor-heading-title elementor-size-default\">OFFICE\nHUNGARY<\/h2>\t\t\t\t<\/div>\n\t\t\t\t<\/div>\n\t\t\t\t<div class=\"elementor-element elementor-element-b499e93 elementor-widget elementor-widget-text-editor\" data-id=\"b499e93\" data-element_type=\"widget\" data-e-type=\"widget\" data-widget_type=\"text-editor.default\">\n\t\t\t\t<div class=\"elementor-widget-container\">\n\t\t\t\t\t\t\t\t\t<p>USF Water Hungary Kft.<br \/>N\u00e9pf\u00fcrd\u0151 u. 22. B torony, 15. em.<br \/>1138 Budapest<br \/>Magyarorsz\u00e1g<\/p><p>Tel.: +36 1 700 1307<br \/>Fax: +36 1 700 1301<br \/>E-Mail: <a href=\"mailto:office@usf-water.hu\">office@usf-water.hu<\/a><br \/>Website: <a href=\"http:\/\/www.usf-water.hu\/\" target=\"_blank\" rel=\"noopener noreferrer\">www.usf-water.hu<\/a><\/p>\t\t\t\t\t\t\t\t<\/div>\n\t\t\t\t<\/div>\n\t\t\t\t\t<\/div>\n\t\t\t\t<\/div>\n\t\t<div class=\"elementor-element elementor-element-c0bfadf e-flex e-con-boxed e-con e-child\" data-id=\"c0bfadf\" data-element_type=\"container\" data-e-type=\"container\" data-settings=\"{&quot;jet_parallax_layout_list&quot;:[],&quot;background_background&quot;:&quot;classic&quot;}\">\n\t\t\t\t\t<div class=\"e-con-inner\">\n\t\t\t\t<div class=\"elementor-element elementor-element-60c5d62 elementor-widget elementor-widget-heading\" data-id=\"60c5d62\" data-element_type=\"widget\" data-e-type=\"widget\" data-widget_type=\"heading.default\">\n\t\t\t\t<div class=\"elementor-widget-container\">\n\t\t\t\t\t<h2 class=\"elementor-heading-title elementor-size-default\">REPRESENTATIVE IRELAND &amp; UK<\/h2>\t\t\t\t<\/div>\n\t\t\t\t<\/div>\n\t\t\t\t<div class=\"elementor-element elementor-element-3910a13 elementor-widget elementor-widget-text-editor\" data-id=\"3910a13\" data-element_type=\"widget\" data-e-type=\"widget\" data-widget_type=\"text-editor.default\">\n\t\t\t\t<div class=\"elementor-widget-container\">\n\t\t\t\t\t\t\t\t\t<p>Whitewater,<br>Whitewater House,<br>Boghall Road,<br>Bray, Co. Wicklow,<br>A98 E097<br>Ireland<\/p><p>Tel: +353 (0)1 2768468<br>E-Mail: <a href=\"mailto:info@whitewaterireland.ie\" target=\"_blank\" rel=\"noopener\">info@whitewaterireland.ie<\/a><br>Website: <a href=\"https:\/\/www.whitewaterireland.ie\/\" target=\"_blank\" rel=\"noopener\">www.whitewaterireland.ie<\/a><\/p>\t\t\t\t\t\t\t\t<\/div>\n\t\t\t\t<\/div>\n\t\t\t\t\t<\/div>\n\t\t\t\t<\/div>\n\t\t<div class=\"elementor-element elementor-element-4fc3d22 e-flex e-con-boxed e-con e-child\" data-id=\"4fc3d22\" data-element_type=\"container\" data-e-type=\"container\" data-settings=\"{&quot;jet_parallax_layout_list&quot;:[],&quot;background_background&quot;:&quot;classic&quot;}\">\n\t\t\t\t\t<div class=\"e-con-inner\">\n\t\t\t\t<div class=\"elementor-element elementor-element-7ab0281 elementor-widget elementor-widget-heading\" data-id=\"7ab0281\" data-element_type=\"widget\" data-e-type=\"widget\" data-widget_type=\"heading.default\">\n\t\t\t\t<div class=\"elementor-widget-container\">\n\t\t\t\t\t<h2 class=\"elementor-heading-title elementor-size-default\">REPRESENTATIVE TURKEY<\/h2>\t\t\t\t<\/div>\n\t\t\t\t<\/div>\n\t\t\t\t<div class=\"elementor-element elementor-element-5c0828d elementor-widget elementor-widget-text-editor\" data-id=\"5c0828d\" data-element_type=\"widget\" data-e-type=\"widget\" data-widget_type=\"text-editor.default\">\n\t\t\t\t<div class=\"elementor-widget-container\">\n\t\t\t\t\t\t\t\t\t<p>IDL<br>Mr. Alper Kesim<\/p><p>Tel: +90.212.351.44.00<br>E-Mail: <a href=\"mailto:info@idl.com.tr\" target=\"_blank\" rel=\"noopener\">info@idl.com.tr<\/a><br>Website: <a href=\"http:\/\/www.idl.com.tr\/\" target=\"_blank\" rel=\"noopener\">www.idl.com.tr<\/a><\/p>\t\t\t\t\t\t\t\t<\/div>\n\t\t\t\t<\/div>\n\t\t\t\t\t<\/div>\n\t\t\t\t<\/div>\n\t\t\t\t<\/div>\n\t\t\t\t\t<\/div>\n\t\t\t\t<\/div>\n\t\t\t\t<\/div>\n\t\t","protected":false},"excerpt":{"rendered":"<p>We look forward to hearing from you! Contact USF Water Group for inquiries about our water treatment solutions, technical support, or general information. Our dedicated team is available to answer your questions and provide you with the best possible support. Use our contact form, send us an email, or call us directly. We are here [&hellip;]<\/p>\n","protected":false},"author":4,"featured_media":0,"parent":0,"menu_order":0,"comment_status":"closed","ping_status":"closed","template":"","meta":{"footnotes":""},"class_list":["post-2651","page","type-page","status-publish","hentry"],"_links":{"self":[{"href":"https:\/\/usf.wp-kundenseite.at\/en\/wp-json\/wp\/v2\/pages\/2651","targetHints":{"allow":["GET"]}}],"collection":[{"href":"https:\/\/usf.wp-kundenseite.at\/en\/wp-json\/wp\/v2\/pages"}],"about":[{"href":"https:\/\/usf.wp-kundenseite.at\/en\/wp-json\/wp\/v2\/types\/page"}],"author":[{"embeddable":true,"href":"https:\/\/usf.wp-kundenseite.at\/en\/wp-json\/wp\/v2\/users\/4"}],"replies":[{"embeddable":true,"href":"https:\/\/usf.wp-kundenseite.at\/en\/wp-json\/wp\/v2\/comments?post=2651"}],"version-history":[{"count":7,"href":"https:\/\/usf.wp-kundenseite.at\/en\/wp-json\/wp\/v2\/pages\/2651\/revisions"}],"predecessor-version":[{"id":3598,"href":"https:\/\/usf.wp-kundenseite.at\/en\/wp-json\/wp\/v2\/pages\/2651\/revisions\/3598"}],"wp:attachment":[{"href":"https:\/\/usf.wp-kundenseite.at\/en\/wp-json\/wp\/v2\/media?parent=2651"}],"curies":[{"name":"wp","href":"https:\/\/api.w.org\/{rel}","templated":true}]}}